{"id":651,"date":"2016-08-24T08:36:09","date_gmt":"2016-08-24T08:36:09","guid":{"rendered":"http:\/\/migrateshop.com\/buy2etsy\/product\/beautiful-hand-made-flowers\/"},"modified":"2021-06-24T16:09:21","modified_gmt":"2021-06-24T16:09:21","slug":"bajaj-a-vendre","status":"publish","type":"product","link":"https:\/\/www.ntumangende.bi\/kir\/product\/bajaj-a-vendre\/","title":{"rendered":"Bajaj \u00e0 vendre"},"content":{"rendered":"","protected":false},"excerpt":{"rendered":"<p>Bajaj en bonne qualit\u00e9 \u00e0 vendre 2000.0000 fbu <a class=\"readmore\" href=\"https:\/\/www.ntumangende.bi\/kir\/product\/bajaj-a-vendre\/\">Continue Reading &rarr;<\/a><\/p>\n","protected":false},"featured_media":2010,"comment_status":"open","ping_status":"closed","template":"","meta":[],"product_cat":[43],"product_tag":[],"_links":{"self":[{"href":"https:\/\/www.ntumangende.bi\/kir\/wp-json\/wp\/v2\/product\/651"}],"collection":[{"href":"https:\/\/www.ntumangende.bi\/kir\/wp-json\/wp\/v2\/product"}],"about":[{"href":"https:\/\/www.ntumangende.bi\/kir\/wp-json\/wp\/v2\/types\/product"}],"replies":[{"embeddable":true,"href":"https:\/\/www.ntumangende.bi\/kir\/wp-json\/wp\/v2\/comments?post=651"}],"wp:featuredmedia":[{"embeddable":true,"href":"https:\/\/www.ntumangende.bi\/kir\/wp-json\/wp\/v2\/media\/2010"}],"wp:attachment":[{"href":"https:\/\/www.ntumangende.bi\/kir\/wp-json\/wp\/v2\/media?parent=651"}],"wp:term":[{"taxonomy":"product_cat","embeddable":true,"href":"https:\/\/www.ntumangende.bi\/kir\/wp-json\/wp\/v2\/product_cat?post=651"},{"taxonomy":"product_tag","embeddable":true,"href":"https:\/\/www.ntumangende.bi\/kir\/wp-json\/wp\/v2\/product_tag?post=651"}],"curies":[{"name":"wp","href":"https:\/\/api.w.org\/{rel}","templated":true}]}}