{"id":1981,"date":"2021-04-22T17:02:57","date_gmt":"2021-04-22T17:02:57","guid":{"rendered":"https:\/\/ecommerce.ntumangende.bi\/?post_type=product&#038;p=1981"},"modified":"2021-05-18T13:47:26","modified_gmt":"2021-05-18T13:47:26","slug":"maison-a-vendre-2","status":"publish","type":"product","link":"https:\/\/www.ntumangende.bi\/kir\/product\/maison-a-vendre-2\/","title":{"rendered":"Maison \u00e0 vendre"},"content":{"rendered":"","protected":false},"excerpt":{"rendered":"<p>une maison \u00e0 vendre dans 6 ares situ\u00e9 dans &#8230;&#8230;&#8230; <a class=\"readmore\" href=\"https:\/\/www.ntumangende.bi\/kir\/product\/maison-a-vendre-2\/\">Continue Reading &rarr;<\/a><\/p>\n","protected":false},"featured_media":2007,"comment_status":"open","ping_status":"closed","template":"","meta":[],"product_cat":[195],"product_tag":[],"_links":{"self":[{"href":"https:\/\/www.ntumangende.bi\/kir\/wp-json\/wp\/v2\/product\/1981"}],"collection":[{"href":"https:\/\/www.ntumangende.bi\/kir\/wp-json\/wp\/v2\/product"}],"about":[{"href":"https:\/\/www.ntumangende.bi\/kir\/wp-json\/wp\/v2\/types\/product"}],"replies":[{"embeddable":true,"href":"https:\/\/www.ntumangende.bi\/kir\/wp-json\/wp\/v2\/comments?post=1981"}],"wp:featuredmedia":[{"embeddable":true,"href":"https:\/\/www.ntumangende.bi\/kir\/wp-json\/wp\/v2\/media\/2007"}],"wp:attachment":[{"href":"https:\/\/www.ntumangende.bi\/kir\/wp-json\/wp\/v2\/media?parent=1981"}],"wp:term":[{"taxonomy":"product_cat","embeddable":true,"href":"https:\/\/www.ntumangende.bi\/kir\/wp-json\/wp\/v2\/product_cat?post=1981"},{"taxonomy":"product_tag","embeddable":true,"href":"https:\/\/www.ntumangende.bi\/kir\/wp-json\/wp\/v2\/product_tag?post=1981"}],"curies":[{"name":"wp","href":"https:\/\/api.w.org\/{rel}","templated":true}]}}