{"id":1953,"date":"2021-04-22T09:55:37","date_gmt":"2021-04-22T09:55:37","guid":{"rendered":"https:\/\/ecommerce.ntumangende.bi\/?post_type=product&#038;p=1953"},"modified":"2024-05-31T20:01:55","modified_gmt":"2024-05-31T20:01:55","slug":"immeuble-a-vendre","status":"publish","type":"product","link":"https:\/\/www.ntumangende.bi\/kir\/product\/immeuble-a-vendre\/","title":{"rendered":"Immeuble \u00e0 vendre"},"content":{"rendered":"","protected":false},"excerpt":{"rendered":"<p>Une maison de 20 ares situ\u00e9 \u00e0 sororeza , avec une superficie de&#8230;.. <a class=\"readmore\" href=\"https:\/\/www.ntumangende.bi\/kir\/product\/immeuble-a-vendre\/\">Continue Reading &rarr;<\/a><\/p>\n","protected":false},"featured_media":1994,"comment_status":"open","ping_status":"closed","template":"","meta":[],"product_cat":[195],"product_tag":[],"_links":{"self":[{"href":"https:\/\/www.ntumangende.bi\/kir\/wp-json\/wp\/v2\/product\/1953"}],"collection":[{"href":"https:\/\/www.ntumangende.bi\/kir\/wp-json\/wp\/v2\/product"}],"about":[{"href":"https:\/\/www.ntumangende.bi\/kir\/wp-json\/wp\/v2\/types\/product"}],"replies":[{"embeddable":true,"href":"https:\/\/www.ntumangende.bi\/kir\/wp-json\/wp\/v2\/comments?post=1953"}],"wp:featuredmedia":[{"embeddable":true,"href":"https:\/\/www.ntumangende.bi\/kir\/wp-json\/wp\/v2\/media\/1994"}],"wp:attachment":[{"href":"https:\/\/www.ntumangende.bi\/kir\/wp-json\/wp\/v2\/media?parent=1953"}],"wp:term":[{"taxonomy":"product_cat","embeddable":true,"href":"https:\/\/www.ntumangende.bi\/kir\/wp-json\/wp\/v2\/product_cat?post=1953"},{"taxonomy":"product_tag","embeddable":true,"href":"https:\/\/www.ntumangende.bi\/kir\/wp-json\/wp\/v2\/product_tag?post=1953"}],"curies":[{"name":"wp","href":"https:\/\/api.w.org\/{rel}","templated":true}]}}