{"id":1858,"date":"2016-08-12T12:49:57","date_gmt":"2016-08-12T12:49:57","guid":{"rendered":"http:\/\/localhost\/buy2etsy\/?page_id=15"},"modified":"2021-05-05T06:53:49","modified_gmt":"2021-05-05T06:53:49","slug":"start-selling","status":"publish","type":"page","link":"https:\/\/www.ntumangende.bi\/kir\/start-selling\/","title":{"rendered":"Start Selling"},"content":{"rendered":"<div id=\"pl-1858\"  class=\"panel-layout\" ><div id=\"pg-1858-0\"  class=\"panel-grid panel-has-style\" ><div class=\"siteorigin-panels-stretch panel-row-style panel-row-style-for-1858-0\" data-stretch-type=\"full-stretched\" ><div id=\"pgc-1858-0-0\"  class=\"panel-grid-cell\" ><div id=\"panel-1858-0-0-0\" class=\"so-panel widget widget_text panel-first-child\" data-index=\"0\" ><div class=\"container title-banner panel-widget-style panel-widget-style-for-1858-0-0-0\" >\t\t\t<div class=\"textwidget\"><h3 align=\"center\">Avec Ntumangende, nous vous trouvons un client pour votre biens, Nous exp\u00e9dions votre commande <\/h3> \n<h3 align=\"center\">Vendez sur notre plateforme<\/h3><\/div>\n\t\t<\/div><\/div><div id=\"panel-1858-0-0-1\" class=\"so-panel widget widget_sow-button panel-last-child\" data-index=\"1\" ><div class=\"shop_button panel-widget-style panel-widget-style-for-1858-0-0-1\" ><div class=\"so-widget-sow-button so-widget-sow-button-flat-0dfa8755758f-1858\"><div class=\"ow-button-base ow-button-align-center\">\n\t<a href=\"http:\/\/www.ntumangende.bi\" class=\"ow-icon-placement-left ow-button-hover\" \t\t>\n\t\t<span>\n\t\t\t<span class=\"sow-icon-fontawesome sow-fas\" data-sow-icon=\"&#xf19c;\"\n\t\tstyle=\"color: #ffffff\" ><\/span>\n\t\t\tOuvrir votre magasin\t\t<\/span>\n\t<\/a>\n<\/div>\n<\/div><\/div><\/div><\/div><\/div><\/div><div id=\"pg-1858-1\"  class=\"panel-grid panel-has-style\" ><div class=\"siteorigin-panels-stretch panel-row-style panel-row-style-for-1858-1\" data-stretch-type=\"full-stretched\" ><div id=\"pgc-1858-1-0\"  class=\"panel-grid-cell\" ><div id=\"panel-1858-1-0-0\" class=\"so-panel widget widget_text panel-first-child panel-last-child\" data-index=\"2\" ><div class=\"container panel-widget-style panel-widget-style-for-1858-1-0-0\" >\t\t\t<div class=\"textwidget\"><h1 align=\"center\">Rejoignez un march\u00e9 cr\u00e9atif o\u00f9 des milliers d'entreprises Burundaise  et acheteurs se rencontrent<\/h1> \n<h1 align=\"center\">La boutique Burundaise d'objets uniques<\/h1><\/div>\n\t\t<\/div><\/div><\/div><\/div><\/div><div id=\"pg-1858-2\"  class=\"panel-grid panel-has-style\" ><div class=\"siteorigin-panels-stretch panel-row-style panel-row-style-for-1858-2\" data-stretch-type=\"full-stretched\" ><div id=\"pgc-1858-2-0\"  class=\"panel-grid-cell\" ><div id=\"panel-1858-2-0-0\" class=\"so-panel widget widget_sow-features panel-first-child\" data-index=\"3\" ><div class=\"container panel-widget-style panel-widget-style-for-1858-2-0-0\" ><div class=\"so-widget-sow-features so-widget-sow-features-default-ec630cfd3101-1858\">\n<div class=\"sow-features-list sow-features-responsive\">\n\n\t\t\t\n\t\t\t<div class=\"sow-features-feature sow-icon-container-position-top sow-features-feature-last-row\" style=\"width: 33.333%\">\n\n\t\t\t\t\t\t\t\t<div\n\t\t\t\t\tclass=\"sow-icon-container sow-container-none\"\n                    style=\"color: #404040; \"\n\t\t\t\t\t>\n\t\t\t\t\t<span class=\"sow-icon-elegantline\" data-sow-icon=\"&#xe016;\"\n\t\tstyle=\"font-size: 50px; color: #dd3333\" ><\/span>\t\t\t\t<\/div>\n\t\t\t\t\n\t\t\t\t<div class=\"textwidget\">\n\t\t\t\t\t\t\t\t\t\t\t<h5>\n\t\t\t\t\t\t\t\t\t\t\t\t\t\tCommission tr\u00e8s bas \t\t\t\t\t\t\t\t\t\t\t\t\t<\/h5>\n\t\t\t\t\t\n\t\t\t\t\t\t\t\t\t\t\t<p>Nous demandons une petite commission au vendeur , l'acheteur ne paye pas les frais de commission<\/p>\n\t\t\t\t\t\n\t\t\t\t\t\t\t\t\t\t\t<p class=\"sow-more-text\">\n\t\t\t\t\t\t\t<a href=\"#\" >\t\t\t\t\t\t\tLire plus\t\t\t\t\t\t\t<\/a>\t\t\t\t\t\t<\/p>\n\t\t\t\t\t\t\t\t\t<\/div>\n\t\t\t<\/div>\n\n\t\t\n\t\t\t<div class=\"sow-features-feature sow-icon-container-position-top sow-features-feature-last-row\" style=\"width: 33.333%\">\n\n\t\t\t\t\t\t\t\t<div\n\t\t\t\t\tclass=\"sow-icon-container sow-container-none\"\n                    style=\"color: #404040; \"\n\t\t\t\t\t>\n\t\t\t\t\t<span class=\"sow-icon-elegantline\" data-sow-icon=\"&#xe034;\"\n\t\tstyle=\"font-size: 50px; color: #dd3333\" ><\/span>\t\t\t\t<\/div>\n\t\t\t\t\n\t\t\t\t<div class=\"textwidget\">\n\t\t\t\t\t\t\t\t\t\t\t<h5>\n\t\t\t\t\t\t\t\t\t\t\t\t\t\tUne plateforme emarketplace\t\t\t\t\t\t\t\t\t\t\t\t\t<\/h5>\n\t\t\t\t\t\n\t\t\t\t\t\t\t\t\t\t\t<p>Nous sommes une plateforme Emarketplace sp\u00e9calis\u00e9 dans les ventes et achats au Burundi<\/p>\n\t\t\t\t\t\n\t\t\t\t\t\t\t\t\t\t\t<p class=\"sow-more-text\">\n\t\t\t\t\t\t\t<a href=\"#\" >\t\t\t\t\t\t\tLire plus\t\t\t\t\t\t\t<\/a>\t\t\t\t\t\t<\/p>\n\t\t\t\t\t\t\t\t\t<\/div>\n\t\t\t<\/div>\n\n\t\t\n\t\t\t<div class=\"sow-features-feature sow-icon-container-position-top sow-features-feature-last-row\" style=\"width: 33.333%\">\n\n\t\t\t\t\t\t\t\t<div\n\t\t\t\t\tclass=\"sow-icon-container sow-container-none\"\n                    style=\"color: #404040; \"\n\t\t\t\t\t>\n\t\t\t\t\t<span class=\"sow-icon-elegantline\" data-sow-icon=\"&#xe049;\"\n\t\tstyle=\"font-size: 50px; color: #dd3333\" ><\/span>\t\t\t\t<\/div>\n\t\t\t\t\n\t\t\t\t<div class=\"textwidget\">\n\t\t\t\t\t\t\t\t\t\t\t<h5>\n\t\t\t\t\t\t\t\t\t\t\t\t\t\tAssistance &amp; Accompagnement\t\t\t\t\t\t\t\t\t\t\t\t\t<\/h5>\n\t\t\t\t\t\n\t\t\t\t\t\t\t\t\t\t\t<p>Nous assistons nos clients lors de l'achat , nous v\u00e9rifions si il n'y a pas des litiges<\/p>\n\t\t\t\t\t\n\t\t\t\t\t\t\t\t\t\t\t<p class=\"sow-more-text\">\n\t\t\t\t\t\t\t<a href=\"#\" >\t\t\t\t\t\t\tLire plus\t\t\t\t\t\t\t<\/a>\t\t\t\t\t\t<\/p>\n\t\t\t\t\t\t\t\t\t<\/div>\n\t\t\t<\/div>\n\n\t\t\t\n<\/div>\n<\/div><\/div><\/div><div id=\"panel-1858-2-0-1\" class=\"so-panel widget widget_text panel-last-child\" data-index=\"4\" >\t\t\t<div class=\"textwidget\"><div class=\"panel-selling\">\n<div class=\"panel\">\n<div class=\"img-cat\"><\/div>\n<p style=\"text-align: center;\">Commence \u00e0 vendre<\/p>\n<p style=\"text-align: center;\"><a href=\"http:\/\/www.ntumangende.bi\">Cr\u00e9er votre magasin<\/a><\/p>\n<\/div>\n<\/div>\n<\/div>\n\t\t<\/div><\/div><\/div><\/div><div id=\"pg-1858-3\"  class=\"panel-grid panel-has-style\" ><div class=\"siteorigin-panels-stretch panel-row-style panel-row-style-for-1858-3\" data-stretch-type=\"full-stretched\" ><div id=\"pgc-1858-3-0\"  class=\"panel-grid-cell\" ><div id=\"panel-1858-3-0-0\" class=\"so-panel widget widget_text panel-first-child panel-last-child\" data-index=\"5\" ><div class=\"title-selling-offer panel-widget-style panel-widget-style-for-1858-3-0-0\" ><h3 class=\"widget-title\">Prix affordable et transparent<\/h3>\t\t\t<div class=\"textwidget\"><div class=\"panel-headings\">\n<h3 style=\"text-align: center;\"><i class=\"fa fa-check-square-o\"><\/i> &nbsp; Pa de commission <\/h3>\n<h3 style=\"text-align: center;\"><i class=\"fa fa-check-square-o\"><\/i> &nbsp; Assistance dans l'achat<\/h3>\n<\/div>\n\n<div class=\"container\">\n<div class=\"col-md-12\">\n<div class=\"col-md-6 text-center\">\n<p class=\"mh\">Vous commencez \u00e0 vendre. <\/p>\n<div class=\"usd-price\" style=\"padding-top: 40px;\">\n<h1>100.000 \/an <\/h1>\n<p>Listing des produits<\/p>\n<\/div>\n<\/div>\n<div class=\"col-md-6 text-center\">\n<p class=\"mh\">\nLes annonces sont actives pendant quatre mois ou jusqu'\u00e0 ce qu'elles se vendent. Une fois achet\u00e9, il y a une petite commission  .\n <\/p>\n<div class=\"usd-price\">\n<h3>200.000 Fbu<\/h3>\n<p>Frais de Listing <\/p>\n<h3>Ecocash<\/h3>\n<p>Mode de paiement<\/p>\n<\/div>\n<\/div>\n<\/div>\n<\/div><\/div>\n\t\t<\/div><\/div><\/div><\/div><\/div><div id=\"pg-1858-4\"  class=\"panel-grid panel-has-style\" ><div class=\"panel-row-style panel-row-style-for-1858-4\" ><div id=\"pgc-1858-4-0\"  class=\"panel-grid-cell\" ><div id=\"panel-1858-4-0-0\" class=\"so-panel widget widget_text panel-first-child panel-last-child\" data-index=\"6\" ><div class=\"title_section panel-widget-style panel-widget-style-for-1858-4-0-0\" ><h3 class=\"widget-title\">Ils nous t\u00e9moignent<\/h3>\t\t\t<div class=\"textwidget\"><\/div>\n\t\t<\/div><\/div><\/div><\/div><\/div><div id=\"pg-1858-5\"  class=\"panel-grid panel-has-style\" ><div class=\"panel-row-style panel-row-style-for-1858-5\" ><div id=\"pgc-1858-5-0\"  class=\"panel-grid-cell\" ><div id=\"panel-1858-5-0-0\" class=\"so-panel widget widget_text panel-first-child panel-last-child\" data-index=\"7\" >\t\t\t<div class=\"textwidget\"><blockquote><p>\nNdashimira cane ntumangende yamfashije kugira inzu . ndahimirije nabandi kugurira inzu muri ntumangende\n<\/p><\/blockquote>\n<p style=\"text-align: center;\"><strong>Kayobera Mathias <\/strong> de <a href=\"#\" target=\"_blank\" rel=\"noopener\">Rumonge<\/a><\/p><\/div>\n\t\t<\/div><\/div><div id=\"pgc-1858-5-1\"  class=\"panel-grid-cell\" ><div id=\"panel-1858-5-1-0\" class=\"so-panel widget widget_sow-image panel-first-child panel-last-child\" data-index=\"8\" ><div class=\"so-widget-sow-image so-widget-sow-image-default-2ec334f0a340-1858\">\n\n<div class=\"sow-image-container\">\n\t\t<img src=\"https:\/\/www.ntumangende.bi\/kir\/wp-content\/uploads\/2021\/05\/bien3.jpg\" width=\"1000\" height=\"700\" srcset=\"https:\/\/www.ntumangende.bi\/kir\/wp-content\/uploads\/2021\/05\/bien3.jpg 1000w, https:\/\/www.ntumangende.bi\/kir\/wp-content\/uploads\/2021\/05\/bien3-600x420.jpg 600w, https:\/\/www.ntumangende.bi\/kir\/wp-content\/uploads\/2021\/05\/bien3-300x210.jpg 300w, https:\/\/www.ntumangende.bi\/kir\/wp-content\/uploads\/2021\/05\/bien3-768x538.jpg 768w, https:\/\/www.ntumangende.bi\/kir\/wp-content\/uploads\/2021\/05\/bien3-220x154.jpg 220w, https:\/\/www.ntumangende.bi\/kir\/wp-content\/uploads\/2021\/05\/bien3-210x147.jpg 210w\" sizes=\"(max-width: 1000px) 100vw, 1000px\" alt=\"\" loading=\"lazy\" \t\tclass=\"so-widget-image\"\/>\n\t<\/div>\n\n<\/div><\/div><\/div><\/div><\/div><div id=\"pg-1858-6\"  class=\"panel-grid panel-no-style\" ><div id=\"pgc-1858-6-0\"  class=\"panel-grid-cell\" ><div id=\"panel-1858-6-0-0\" class=\"so-panel widget widget_sow-image panel-first-child panel-last-child\" data-index=\"9\" ><div class=\"so-widget-sow-image so-widget-sow-image-default-d6014b76747a-1858\">\n\n<div class=\"sow-image-container\">\n\t\t<img src=\"https:\/\/www.ntumangende.bi\/kir\/wp-content\/uploads\/2021\/05\/bien.jpg\" width=\"1000\" height=\"700\" srcset=\"https:\/\/www.ntumangende.bi\/kir\/wp-content\/uploads\/2021\/05\/bien.jpg 1000w, https:\/\/www.ntumangende.bi\/kir\/wp-content\/uploads\/2021\/05\/bien-600x420.jpg 600w, https:\/\/www.ntumangende.bi\/kir\/wp-content\/uploads\/2021\/05\/bien-300x210.jpg 300w, https:\/\/www.ntumangende.bi\/kir\/wp-content\/uploads\/2021\/05\/bien-768x538.jpg 768w, https:\/\/www.ntumangende.bi\/kir\/wp-content\/uploads\/2021\/05\/bien-220x154.jpg 220w, https:\/\/www.ntumangende.bi\/kir\/wp-content\/uploads\/2021\/05\/bien-210x147.jpg 210w\" sizes=\"(max-width: 1000px) 100vw, 1000px\" alt=\"\" loading=\"lazy\" \t\tclass=\"so-widget-image\"\/>\n\t<\/div>\n\n<\/div><\/div><\/div><div id=\"pgc-1858-6-1\"  class=\"panel-grid-cell\" ><div id=\"panel-1858-6-1-0\" class=\"so-panel widget widget_text panel-first-child\" data-index=\"10\" >\t\t\t<div class=\"textwidget\"><blockquote><p>\nLorem Ipsum is simply dummy text of the printing and typesetting industry. Lorem Ipsum has been the industry\u2019s standard dummy text ever since the 1500s\n<\/p><\/blockquote>\n<p style=\"text-align: center;\"><strong>Ericka<\/strong> from <a href=\"#\" target=\"_blank\" rel=\"noopener\">Red Field Threads<\/a><\/p><\/div>\n\t\t<\/div><div id=\"panel-1858-6-1-1\" class=\"so-panel widget widget_text panel-last-child\" data-index=\"11\" >\t\t\t<div class=\"textwidget\"><style>\n.page .entry-title { display:none !important; }\n#main {  padding:0; }\n<\/style><\/div>\n\t\t<\/div><\/div><\/div><\/div>","protected":false},"excerpt":{"rendered":"<p>Avec Ntumangende, nous vous trouvons un client pour votre biens, Nous exp\u00e9dions votre commande Vendez sur notre plateforme Rejoignez un march\u00e9 cr\u00e9atif o\u00f9 des milliers d&#8217;entreprises Burundaise et acheteurs se &hellip; <a class=\"readmore\" href=\"https:\/\/www.ntumangende.bi\/kir\/start-selling\/\">Continue Reading &rarr;<\/a><\/p>\n","protected":false},"author":1,"featured_media":0,"parent":0,"menu_order":0,"comment_status":"closed","ping_status":"closed","template":"","meta":[],"_links":{"self":[{"href":"https:\/\/www.ntumangende.bi\/kir\/wp-json\/wp\/v2\/pages\/1858"}],"collection":[{"href":"https:\/\/www.ntumangende.bi\/kir\/wp-json\/wp\/v2\/pages"}],"about":[{"href":"https:\/\/www.ntumangende.bi\/kir\/wp-json\/wp\/v2\/types\/page"}],"author":[{"embeddable":true,"href":"https:\/\/www.ntumangende.bi\/kir\/wp-json\/wp\/v2\/users\/1"}],"replies":[{"embeddable":true,"href":"https:\/\/www.ntumangende.bi\/kir\/wp-json\/wp\/v2\/comments?post=1858"}],"version-history":[{"count":16,"href":"https:\/\/www.ntumangende.bi\/kir\/wp-json\/wp\/v2\/pages\/1858\/revisions"}],"predecessor-version":[{"id":2143,"href":"https:\/\/www.ntumangende.bi\/kir\/wp-json\/wp\/v2\/pages\/1858\/revisions\/2143"}],"wp:attachment":[{"href":"https:\/\/www.ntumangende.bi\/kir\/wp-json\/wp\/v2\/media?parent=1858"}],"curies":[{"name":"wp","href":"https:\/\/api.w.org\/{rel}","templated":true}]}}